{"id":9337,"date":"2018-06-13T09:42:10","date_gmt":"2018-06-13T09:42:10","guid":{"rendered":"http:\/\/eoskarditsas.gr\/?page_id=9337"},"modified":"2019-10-25T16:58:46","modified_gmt":"2019-10-25T13:58:46","slug":"regugio-de-elatakos","status":"publish","type":"page","link":"https:\/\/eoskarditsas.gr\/?page_id=9337&lang=es","title":{"rendered":"Regugio de Elatakos"},"content":{"rendered":"<p><span class=\"tlid-translation translation\" lang=\"es\" style=\"font-family: arial, helvetica, sans-serif; color: #000000;\">El refugio de alpinismo &#8220;Elatakos&#8221; se encuentra a una altitud de 1450 metros, en el bosque educativo de Belkomyti, sobre el asentamiento de Zygogianneika (Kedros), en un lugar impresionante y con una magn\u00edfica vista del lago Plastira. Es un edificio de madera de 17 pisos. Con 6 camas (con capacidad para un total de 12 personas), construido en 1996 por Development Karditsa, que es visitado por cientos de escaladores, excursionistas, excursionistas, ecoturistas, estudiantes, motociclistas y cazadores, como se ve en los libros de visitas y listados de sitios. , es un cruce de muchos caminos hacia los picos de Agrafa, pero tambi\u00e9n hacia el camino principal que conecta el lago Plastira con el pueblo de Agrafa (35 km de largo). No se han realizado reformas en el refugio desde su construcci\u00f3n. esfuerzos voluntarios de nuestros miembros anualmente. El edificio hab\u00eda sufrido da\u00f1os significativos tanto en su est\u00e1tica como en su funcionalidad y seguridad. Hace unos a\u00f1os, el EOSC lanz\u00f3 un esfuerzo sostenido de Mantenimiento y Actualizaci\u00f3n, y despu\u00e9s de esfuerzos concertados y trabajo muy voluntario, fue pintado, se hicieron nuevas persianas, un almac\u00e9n de materiales, un inodoro, un cobertizo para madera, una cerca alrededor y varias otras obras, lo que permite resucitarlo y convertirse en un verdadero refugio de necesidad, quiz\u00e1s el \u00fanico autogestionado en Grecia, con muchos elogios de sus visitantes. uno por la carretera principal del lago Plastira, por dos caminos, uno desde Melissi, cruzando el camino principal K1 que conduce al refugio, y desde all\u00ed a los picos Petsalouda, Souflistara y Borlero y el segundo desde Alonaki, donde cruza el camino K11, sube al <span style=\"color: #000080;\"><a style=\"color: #000080;\" href=\"http:\/\/eoskarditsas.gr\/?page_id=5240#D1\">Observatorio<\/a><\/span> y contin\u00faa encontrando el K1 que conduce al refugio.<\/span><\/p>\n<p><strong><span style=\"font-family: arial, helvetica, sans-serif; font-size: 20px;\">Mapa<\/span><\/strong><\/p>\n<div class=\"su-gmap su-u-responsive-media-no\"><iframe loading=\"lazy\" width=\"1200\" height=\"800\" src=\"\/\/maps.google.com\/maps?q=%CE%95%CE%BB%CE%B1%CF%84%CE%AC%CE%BA%CE%BF%CF%82&amp;output=embed&amp;z=15\" title=\"\"><\/iframe><\/div>\n","protected":false},"excerpt":{"rendered":"<p>El refugio de alpinismo &#8220;Elatakos&#8221; se encuentra a una altitud de 1450 metros, en el bosque educativo de Belkomyti, sobre el asentamiento de Zygogianneika (Kedros), en un lugar impresionante y con una magn\u00edfica vista del lago Plastira. Es un edificio de madera de 17 pisos. Con 6 camas (con capacidad para un total de 12 [&hellip;]<\/p>\n","protected":false},"author":1,"featured_media":12088,"parent":0,"menu_order":3,"comment_status":"closed","ping_status":"closed","template":"","meta":{"footnotes":""},"class_list":["post-9337","page","type-page","status-publish","has-post-thumbnail","czr-hentry"],"yoast_head":"<!-- This site is optimized with the Yoast SEO plugin v27.4 - https:\/\/yoast.com\/product\/yoast-seo-wordpress\/ -->\n<title>Regugio de Elatakos - \u0395\u039f\u03a3 \u039a\u03b1\u03c1\u03b4\u03af\u03c4\u03c3\u03b1\u03c2<\/title>\n<meta name=\"robots\" content=\"index, follow, max-snippet:-1, max-image-preview:large, max-video-preview:-1\" \/>\n<link rel=\"canonical\" href=\"https:\/\/eoskarditsas.gr\/?page_id=9337&lang=es\" \/>\n<meta property=\"og:locale\" content=\"el_GR\" \/>\n<meta property=\"og:type\" content=\"article\" \/>\n<meta property=\"og:title\" content=\"Regugio de Elatakos - \u0395\u039f\u03a3 \u039a\u03b1\u03c1\u03b4\u03af\u03c4\u03c3\u03b1\u03c2\" \/>\n<meta property=\"og:description\" content=\"El refugio de alpinismo &#8220;Elatakos&#8221; se encuentra a una altitud de 1450 metros, en el bosque educativo de Belkomyti, sobre el asentamiento de Zygogianneika (Kedros), en un lugar impresionante y con una magn\u00edfica vista del lago Plastira. Es un edificio de madera de 17 pisos. Con 6 camas (con capacidad para un total de 12 [&hellip;]\" \/>\n<meta property=\"og:url\" content=\"https:\/\/eoskarditsas.gr\/?page_id=9337&amp;lang=es\" \/>\n<meta property=\"og:site_name\" content=\"\u0395\u039f\u03a3 \u039a\u03b1\u03c1\u03b4\u03af\u03c4\u03c3\u03b1\u03c2\" \/>\n<meta property=\"article:publisher\" content=\"https:\/\/www.facebook.com\/eoskarditsas\" \/>\n<meta property=\"article:modified_time\" content=\"2019-10-25T13:58:46+00:00\" \/>\n<meta name=\"twitter:card\" content=\"summary_large_image\" \/>\n<meta name=\"twitter:label1\" content=\"\u0395\u03ba\u03c4\u03b9\u03bc\u03ce\u03bc\u03b5\u03bd\u03bf\u03c2 \u03c7\u03c1\u03cc\u03bd\u03bf\u03c2 \u03b1\u03bd\u03ac\u03b3\u03bd\u03c9\u03c3\u03b7\u03c2\" \/>\n\t<meta name=\"twitter:data1\" content=\"1 \u03bb\u03b5\u03c0\u03c4\u03cc\" \/>\n<script type=\"application\/ld+json\" class=\"yoast-schema-graph\">{\"@context\":\"https:\\\/\\\/schema.org\",\"@graph\":[{\"@type\":\"WebPage\",\"@id\":\"https:\\\/\\\/eoskarditsas.gr\\\/?page_id=9337&lang=es\",\"url\":\"https:\\\/\\\/eoskarditsas.gr\\\/?page_id=9337&lang=es\",\"name\":\"Regugio de Elatakos - \u0395\u039f\u03a3 \u039a\u03b1\u03c1\u03b4\u03af\u03c4\u03c3\u03b1\u03c2\",\"isPartOf\":{\"@id\":\"https:\\\/\\\/eoskarditsas.gr\\\/#website\"},\"primaryImageOfPage\":{\"@id\":\"https:\\\/\\\/eoskarditsas.gr\\\/?page_id=9337&lang=es#primaryimage\"},\"image\":{\"@id\":\"https:\\\/\\\/eoskarditsas.gr\\\/?page_id=9337&lang=es#primaryimage\"},\"thumbnailUrl\":\"https:\\\/\\\/eoskarditsas.gr\\\/wp-content\\\/uploads\\\/2020\\\/01\\\/elatakos.jpg\",\"datePublished\":\"2018-06-13T09:42:10+00:00\",\"dateModified\":\"2019-10-25T13:58:46+00:00\",\"breadcrumb\":{\"@id\":\"https:\\\/\\\/eoskarditsas.gr\\\/?page_id=9337&lang=es#breadcrumb\"},\"inLanguage\":\"el\",\"potentialAction\":[{\"@type\":\"ReadAction\",\"target\":[\"https:\\\/\\\/eoskarditsas.gr\\\/?page_id=9337&lang=es\"]}]},{\"@type\":\"ImageObject\",\"inLanguage\":\"el\",\"@id\":\"https:\\\/\\\/eoskarditsas.gr\\\/?page_id=9337&lang=es#primaryimage\",\"url\":\"https:\\\/\\\/eoskarditsas.gr\\\/wp-content\\\/uploads\\\/2020\\\/01\\\/elatakos.jpg\",\"contentUrl\":\"https:\\\/\\\/eoskarditsas.gr\\\/wp-content\\\/uploads\\\/2020\\\/01\\\/elatakos.jpg\",\"width\":709,\"height\":531},{\"@type\":\"BreadcrumbList\",\"@id\":\"https:\\\/\\\/eoskarditsas.gr\\\/?page_id=9337&lang=es#breadcrumb\",\"itemListElement\":[{\"@type\":\"ListItem\",\"position\":1,\"name\":\"\u0391\u03c1\u03c7\u03b9\u03ba\u03ae\",\"item\":\"https:\\\/\\\/eoskarditsas.gr\\\/\"},{\"@type\":\"ListItem\",\"position\":2,\"name\":\"Regugio de Elatakos\"}]},{\"@type\":\"WebSite\",\"@id\":\"https:\\\/\\\/eoskarditsas.gr\\\/#website\",\"url\":\"https:\\\/\\\/eoskarditsas.gr\\\/\",\"name\":\"\u0395\u039f\u03a3 \u039a\u03b1\u03c1\u03b4\u03af\u03c4\u03c3\u03b1\u03c2\",\"description\":\"\u0395\u03bb\u03bb\u03b7\u03bd\u03b9\u03ba\u03cc\u03c2 \u039f\u03c1\u03b5\u03b9\u03b2\u03b1\u03c4\u03b9\u03ba\u03cc\u03c2 \u03a3\u03cd\u03bb\u03bb\u03bf\u03b3\u03bf\u03c2 \u039a\u03b1\u03c1\u03b4\u03af\u03c4\u03c3\u03b1\u03c2\",\"publisher\":{\"@id\":\"https:\\\/\\\/eoskarditsas.gr\\\/#organization\"},\"potentialAction\":[{\"@type\":\"SearchAction\",\"target\":{\"@type\":\"EntryPoint\",\"urlTemplate\":\"https:\\\/\\\/eoskarditsas.gr\\\/?s={search_term_string}\"},\"query-input\":{\"@type\":\"PropertyValueSpecification\",\"valueRequired\":true,\"valueName\":\"search_term_string\"}}],\"inLanguage\":\"el\"},{\"@type\":\"Organization\",\"@id\":\"https:\\\/\\\/eoskarditsas.gr\\\/#organization\",\"name\":\"Mountaineering Club\",\"url\":\"https:\\\/\\\/eoskarditsas.gr\\\/\",\"logo\":{\"@type\":\"ImageObject\",\"inLanguage\":\"el\",\"@id\":\"https:\\\/\\\/eoskarditsas.gr\\\/#\\\/schema\\\/logo\\\/image\\\/\",\"url\":\"\",\"contentUrl\":\"\",\"caption\":\"Mountaineering Club\"},\"image\":{\"@id\":\"https:\\\/\\\/eoskarditsas.gr\\\/#\\\/schema\\\/logo\\\/image\\\/\"},\"sameAs\":[\"https:\\\/\\\/www.facebook.com\\\/eoskarditsas\",\"https:\\\/\\\/www.youtube.com\\\/channel\\\/UCBNHw1tq8n6cphXqIFxEWzA\\\/featured\"]}]}<\/script>\n<!-- \/ Yoast SEO plugin. -->","yoast_head_json":{"title":"Regugio de Elatakos - \u0395\u039f\u03a3 \u039a\u03b1\u03c1\u03b4\u03af\u03c4\u03c3\u03b1\u03c2","robots":{"index":"index","follow":"follow","max-snippet":"max-snippet:-1","max-image-preview":"max-image-preview:large","max-video-preview":"max-video-preview:-1"},"canonical":"https:\/\/eoskarditsas.gr\/?page_id=9337&lang=es","og_locale":"el_GR","og_type":"article","og_title":"Regugio de Elatakos - \u0395\u039f\u03a3 \u039a\u03b1\u03c1\u03b4\u03af\u03c4\u03c3\u03b1\u03c2","og_description":"El refugio de alpinismo &#8220;Elatakos&#8221; se encuentra a una altitud de 1450 metros, en el bosque educativo de Belkomyti, sobre el asentamiento de Zygogianneika (Kedros), en un lugar impresionante y con una magn\u00edfica vista del lago Plastira. Es un edificio de madera de 17 pisos. Con 6 camas (con capacidad para un total de 12 [&hellip;]","og_url":"https:\/\/eoskarditsas.gr\/?page_id=9337&lang=es","og_site_name":"\u0395\u039f\u03a3 \u039a\u03b1\u03c1\u03b4\u03af\u03c4\u03c3\u03b1\u03c2","article_publisher":"https:\/\/www.facebook.com\/eoskarditsas","article_modified_time":"2019-10-25T13:58:46+00:00","twitter_card":"summary_large_image","twitter_misc":{"\u0395\u03ba\u03c4\u03b9\u03bc\u03ce\u03bc\u03b5\u03bd\u03bf\u03c2 \u03c7\u03c1\u03cc\u03bd\u03bf\u03c2 \u03b1\u03bd\u03ac\u03b3\u03bd\u03c9\u03c3\u03b7\u03c2":"1 \u03bb\u03b5\u03c0\u03c4\u03cc"},"schema":{"@context":"https:\/\/schema.org","@graph":[{"@type":"WebPage","@id":"https:\/\/eoskarditsas.gr\/?page_id=9337&lang=es","url":"https:\/\/eoskarditsas.gr\/?page_id=9337&lang=es","name":"Regugio de Elatakos - \u0395\u039f\u03a3 \u039a\u03b1\u03c1\u03b4\u03af\u03c4\u03c3\u03b1\u03c2","isPartOf":{"@id":"https:\/\/eoskarditsas.gr\/#website"},"primaryImageOfPage":{"@id":"https:\/\/eoskarditsas.gr\/?page_id=9337&lang=es#primaryimage"},"image":{"@id":"https:\/\/eoskarditsas.gr\/?page_id=9337&lang=es#primaryimage"},"thumbnailUrl":"https:\/\/eoskarditsas.gr\/wp-content\/uploads\/2020\/01\/elatakos.jpg","datePublished":"2018-06-13T09:42:10+00:00","dateModified":"2019-10-25T13:58:46+00:00","breadcrumb":{"@id":"https:\/\/eoskarditsas.gr\/?page_id=9337&lang=es#breadcrumb"},"inLanguage":"el","potentialAction":[{"@type":"ReadAction","target":["https:\/\/eoskarditsas.gr\/?page_id=9337&lang=es"]}]},{"@type":"ImageObject","inLanguage":"el","@id":"https:\/\/eoskarditsas.gr\/?page_id=9337&lang=es#primaryimage","url":"https:\/\/eoskarditsas.gr\/wp-content\/uploads\/2020\/01\/elatakos.jpg","contentUrl":"https:\/\/eoskarditsas.gr\/wp-content\/uploads\/2020\/01\/elatakos.jpg","width":709,"height":531},{"@type":"BreadcrumbList","@id":"https:\/\/eoskarditsas.gr\/?page_id=9337&lang=es#breadcrumb","itemListElement":[{"@type":"ListItem","position":1,"name":"\u0391\u03c1\u03c7\u03b9\u03ba\u03ae","item":"https:\/\/eoskarditsas.gr\/"},{"@type":"ListItem","position":2,"name":"Regugio de Elatakos"}]},{"@type":"WebSite","@id":"https:\/\/eoskarditsas.gr\/#website","url":"https:\/\/eoskarditsas.gr\/","name":"\u0395\u039f\u03a3 \u039a\u03b1\u03c1\u03b4\u03af\u03c4\u03c3\u03b1\u03c2","description":"\u0395\u03bb\u03bb\u03b7\u03bd\u03b9\u03ba\u03cc\u03c2 \u039f\u03c1\u03b5\u03b9\u03b2\u03b1\u03c4\u03b9\u03ba\u03cc\u03c2 \u03a3\u03cd\u03bb\u03bb\u03bf\u03b3\u03bf\u03c2 \u039a\u03b1\u03c1\u03b4\u03af\u03c4\u03c3\u03b1\u03c2","publisher":{"@id":"https:\/\/eoskarditsas.gr\/#organization"},"potentialAction":[{"@type":"SearchAction","target":{"@type":"EntryPoint","urlTemplate":"https:\/\/eoskarditsas.gr\/?s={search_term_string}"},"query-input":{"@type":"PropertyValueSpecification","valueRequired":true,"valueName":"search_term_string"}}],"inLanguage":"el"},{"@type":"Organization","@id":"https:\/\/eoskarditsas.gr\/#organization","name":"Mountaineering Club","url":"https:\/\/eoskarditsas.gr\/","logo":{"@type":"ImageObject","inLanguage":"el","@id":"https:\/\/eoskarditsas.gr\/#\/schema\/logo\/image\/","url":"","contentUrl":"","caption":"Mountaineering Club"},"image":{"@id":"https:\/\/eoskarditsas.gr\/#\/schema\/logo\/image\/"},"sameAs":["https:\/\/www.facebook.com\/eoskarditsas","https:\/\/www.youtube.com\/channel\/UCBNHw1tq8n6cphXqIFxEWzA\/featured"]}]}},"_links":{"self":[{"href":"https:\/\/eoskarditsas.gr\/index.php?rest_route=\/wp\/v2\/pages\/9337","targetHints":{"allow":["GET"]}}],"collection":[{"href":"https:\/\/eoskarditsas.gr\/index.php?rest_route=\/wp\/v2\/pages"}],"about":[{"href":"https:\/\/eoskarditsas.gr\/index.php?rest_route=\/wp\/v2\/types\/page"}],"author":[{"embeddable":true,"href":"https:\/\/eoskarditsas.gr\/index.php?rest_route=\/wp\/v2\/users\/1"}],"replies":[{"embeddable":true,"href":"https:\/\/eoskarditsas.gr\/index.php?rest_route=%2Fwp%2Fv2%2Fcomments&post=9337"}],"version-history":[{"count":4,"href":"https:\/\/eoskarditsas.gr\/index.php?rest_route=\/wp\/v2\/pages\/9337\/revisions"}],"predecessor-version":[{"id":10435,"href":"https:\/\/eoskarditsas.gr\/index.php?rest_route=\/wp\/v2\/pages\/9337\/revisions\/10435"}],"wp:featuredmedia":[{"embeddable":true,"href":"https:\/\/eoskarditsas.gr\/index.php?rest_route=\/wp\/v2\/media\/12088"}],"wp:attachment":[{"href":"https:\/\/eoskarditsas.gr\/index.php?rest_route=%2Fwp%2Fv2%2Fmedia&parent=9337"}],"curies":[{"name":"wp","href":"https:\/\/api.w.org\/{rel}","templated":true}]}}