{"id":6993,"date":"2018-06-13T09:42:10","date_gmt":"2018-06-13T09:42:10","guid":{"rendered":"http:\/\/eoskarditsas.gr\/?page_id=6993"},"modified":"2019-10-25T16:57:08","modified_gmt":"2019-10-25T13:57:08","slug":"refuge-delatakos","status":"publish","type":"page","link":"https:\/\/eoskarditsas.gr\/?page_id=6993","title":{"rendered":"Refuge Elatakos"},"content":{"rendered":"<p style=\"text-align: justify;\"><span style=\"font-size: 12pt; font-family: arial, helvetica, sans-serif;\"><span class=\"tlid-translation translation\" style=\"font-size: 16px;\">Le refuge de montagne &#8220;Elatakos&#8221; est situ\u00e9 \u00e0 une altitude de 1450 m\u00e8tres, dans la for\u00eat p\u00e9dagogique de Belokomy, au-dessus du village de Zygoyanneika (Kedros), dans un lieu magnifique et avec une vue magnifique sur le lac Plastira. Il s&#8217;agit d&#8217;un b\u00e2timent en bois \u00e0 un \u00e9tage de 17 m\u00b2. avec 6 lits (12 personnes au total), construit en 1996 par Developmental Karditsa, visit\u00e9 par des centaines de grimpeurs, randonneurs, randonneurs, \u00e9cotouristes, \u00e9tudiants, motards et chasseurs, comme indiqu\u00e9 dans le livre des visiteurs, , c\u2019est le passage de nombreux chemins menant aux sommets d\u2019Agrafa et le principal chemin qui relie le lac Plastira au village d\u2019Agrafa (35 km de long). L\u2019abri n\u2019a pas \u00e9t\u00e9 maintenu depuis sa construction, \u00e0 l\u2019exception du elontikes efforts de nos membres du club chaque ann\u00e9e. Le b\u00e2timent avait subi des dommages consid\u00e9rables, tant du point de vue statique que fonctionnel et de la s\u00e9curit\u00e9. Il y a quelques ann\u00e9es, EOSK a lanc\u00e9 des efforts soutenus en mati\u00e8re de maintenance et de mise \u00e0 niveau. Apr\u00e8s des actions coordonn\u00e9es et un travail b\u00e9n\u00e9vole, l&#8217;installation a \u00e9t\u00e9 repeinte, de nouveaux volets ont \u00e9t\u00e9 fabriqu\u00e9s, un entrep\u00f4t de mat\u00e9riaux, des toilettes, un hangar \u00e0 bois, une cl\u00f4ture aux alentours. et plusieurs autres \u0153uvres, afin que nous puissions le restaurer et devenir un v\u00e9ritable refuge, peut-\u00eatre le seul \u00e0 se g\u00e9rer de fa\u00e7on autonome en Gr\u00e8ce, avec des critiques \u00e9logieuses de la part de ses visiteurs. l&#8217;une du site de Melissi, o\u00f9 passe le chemin central K1 menant \u00e0 l&#8217;abri, et de l\u00e0 jusqu&#8217;aux pics Pefalududa, Souflista et Bourlero et la seconde de la position d&#8217;Alonaki, \u00e0 partir de la route principale du lac Plastira, o\u00f9 passe le K11, monte <span style=\"color: #000080;\"><a style=\"color: #000080;\" href=\"http:\/\/eoskarditsas.gr\/?page_id=5240#D1\">\u00e0 l\u2019observatoire<\/a><\/span> et continue \u00e0 trouver le K1 qui m\u00e8ne au refuge.<\/span><br \/>\n<\/span><\/p>\n<p><strong><span class=\"tlid-translation translation\" lang=\"fr\" style=\"font-family: arial, helvetica, sans-serif; font-size: 20px;\"><span class=\"\" title=\"\">Carte<\/span><\/span><\/strong><\/p>\n[su_gmap width=&#8221;1200&#8243; height=&#8221;800&#8243; responsive=&#8221;no&#8221; address=&#8221;\u0395\u03bb\u03b1\u03c4\u03ac\u03ba\u03bf\u03c2&#8221; zoom=&#8221;15&#8243; class=&#8221;&#8221;]\n<p style=\"text-align: justify;\"><span style=\"font-size: 12pt;\">\u00a0<\/span><\/p>\n","protected":false},"excerpt":{"rendered":"<p>Le refuge de montagne &#8220;Elatakos&#8221; est situ\u00e9 \u00e0 une altitude de 1450 m\u00e8tres, dans la for\u00eat p\u00e9dagogique de Belokomy, au-dessus du village de Zygoyanneika (Kedros), dans un lieu magnifique et avec une vue magnifique sur le lac Plastira. Il s&#8217;agit d&#8217;un b\u00e2timent en bois \u00e0 un \u00e9tage de 17 m\u00b2. avec 6 lits (12 personnes [&hellip;]<\/p>\n","protected":false},"author":1,"featured_media":12088,"parent":0,"menu_order":3,"comment_status":"closed","ping_status":"closed","template":"","meta":{"footnotes":""},"class_list":["post-6993","page","type-page","status-publish","has-post-thumbnail","czr-hentry"],"_links":{"self":[{"href":"https:\/\/eoskarditsas.gr\/index.php?rest_route=\/wp\/v2\/pages\/6993","targetHints":{"allow":["GET"]}}],"collection":[{"href":"https:\/\/eoskarditsas.gr\/index.php?rest_route=\/wp\/v2\/pages"}],"about":[{"href":"https:\/\/eoskarditsas.gr\/index.php?rest_route=\/wp\/v2\/types\/page"}],"author":[{"embeddable":true,"href":"https:\/\/eoskarditsas.gr\/index.php?rest_route=\/wp\/v2\/users\/1"}],"replies":[{"embeddable":true,"href":"https:\/\/eoskarditsas.gr\/index.php?rest_route=%2Fwp%2Fv2%2Fcomments&post=6993"}],"version-history":[{"count":5,"href":"https:\/\/eoskarditsas.gr\/index.php?rest_route=\/wp\/v2\/pages\/6993\/revisions"}],"predecessor-version":[{"id":10433,"href":"https:\/\/eoskarditsas.gr\/index.php?rest_route=\/wp\/v2\/pages\/6993\/revisions\/10433"}],"wp:featuredmedia":[{"embeddable":true,"href":"https:\/\/eoskarditsas.gr\/index.php?rest_route=\/wp\/v2\/media\/12088"}],"wp:attachment":[{"href":"https:\/\/eoskarditsas.gr\/index.php?rest_route=%2Fwp%2Fv2%2Fmedia&parent=6993"}],"curies":[{"name":"wp","href":"https:\/\/api.w.org\/{rel}","templated":true}]}}