{"id":6922,"date":"2018-06-13T09:42:09","date_gmt":"2018-06-13T06:42:09","guid":{"rendered":"http:\/\/eoskarditsas.gr\/?page_id=6922"},"modified":"2019-03-12T18:23:59","modified_gmt":"2019-03-12T16:23:59","slug":"declaration-2","status":"publish","type":"page","link":"https:\/\/eoskarditsas.gr\/?page_id=6922&lang=fr","title":{"rendered":"D\u00e9claration"},"content":{"rendered":"<div class=\"text-wrap tlid-copy-target\">\n<div class=\"result-shield-container tlid-copy-target\" style=\"text-align: justify;\"><span class=\"tlid-translation translation\" style=\"font-family: arial, helvetica, sans-serif;\">L&#8217;Association grecque d&#8217;alpinisme de Karditsa (EOSK) est une association de personnes qui aiment la nature et dont l&#8217;action est inspir\u00e9e par la protection de l&#8217;environnement, la diffusion du d\u00e9veloppement durable et la protection de notre patrimoine culturel. Activit\u00e9s de montagne comme la randonn\u00e9e, l&#8217;alpinisme, l&#8217;escalade, le canyoning, la randonn\u00e9e en rivi\u00e8re, le rafting, mais aussi le VTT et l&#8217;alpinisme.Enregistrements, nettoyage, entretien et signalisation en montagne des chemins, des liens vers ces attractions culturelles int\u00e9ressantes et leur promotion, contribuant ainsi \u00e0 un d\u00e9veloppement du tourisme doux et durable.Au cours de ces quelques ann\u00e9es d&#8217;histoire du club nous sommes mont\u00e9s sur une grande partie du pays mais aussi sur quelques autres \u00e0 l&#8217;\u00e9tranger, toujours avec amour. et le respect de la montagne qui nous h\u00e9berge, ne pas &#8220;vaincre&#8221; ou &#8220;conqu\u00e9rir&#8221;, comme beaucoup de gens le disent imprudemment, oubliant que la nature est grande et \u00e9ternelle, alors que nous sommes petits et \u00e9ph\u00e9m\u00e8res. Pour nous, la mont\u00e9e au sommet n&#8217;est pas une superstition but. Le but est le but, mais notre but est le voyage, qui est le moyen d&#8217;apprendre chaque fois de l&#8217;ordre de la nature et de l&#8217;homme: nous traversons des for\u00eats, des gorges et des rivi\u00e8res et nous grimpons au sommet pour mieux conna\u00eetre les grandeur de la nature, profitant de sa beaut\u00e9. Apprendre la camaraderie, exiger notre libert\u00e9, apprendre de la nature et trouver un \u00e9quilibre avec elle-m\u00eame et avec nous-m\u00eames, EOSK n\u2019est ni ne deviendra pas un club ferm\u00e9 d\u2019activit\u00e9s extr\u00eames. <\/span><\/div>\n<div class=\"result-shield-container tlid-copy-target\" style=\"text-align: justify;\"><span class=\"tlid-translation translation\" style=\"font-family: arial, helvetica, sans-serif;\">Nous voulons un club ouvert \u00e0 tous, jeunes enfants et adolescents qui souhaitent d\u00e9couvrir la nature, les plus grands qui souhaitent une activit\u00e9 saine pour am\u00e9liorer leur condition physique et leur d\u00e9veloppement mental, ceux qui demandent plus et qui veulent essayez leurs limites et, bien s\u00fbr, tous ceux qui aiment l\u2019environnement et veulent le prot\u00e9ger. Nous invitons tout le monde \u00e0 soutenir les efforts du club, \u00e0 nous rejoindre, \u00e0 profiter de nos montagnes avec s\u00e9curit\u00e9 et camaraderie. En particulier dans les moments difficiles o\u00f9 nous vivons, les activit\u00e9s que nous proposons sont peu co\u00fbteuses et tr\u00e8s agr\u00e9ables \u00e0 vivre. Cependant, toutes ces montagnes, avec lesquelles nous avons march\u00e9 jusqu\u2019\u00e0 pr\u00e9sent et que nous voulons parcourir \u00e0 l\u2019avenir, ne seront plus les bienvenues si nous laissons aller projets qui sont pirat\u00e9s par les d\u00e9veloppeurs de green, car ils seront irr\u00e9m\u00e9diablement d\u00e9truits, sur l\u2019autel sans le b\u00e9n\u00e9fice de quelques minima et nous appelons tout le monde \u00e0 \u00eatre vigilant.<\/span><\/div>\n<div class=\"result-shield-container tlid-copy-target\"><span class=\"tlid-translation translation\" style=\"font-family: arial, helvetica, sans-serif;\">Bonnes ascensions !!! <\/span><\/div>\n<div class=\"result-shield-container tlid-copy-target\"><span class=\"tlid-translation translation\" style=\"font-family: arial, helvetica, sans-serif;\">Pour la Symphonie d&#8217;alpinisme grec raison Karditsa (EOSK) <\/span><\/div>\n<div class=\"result-shield-container tlid-copy-target\"><span class=\"tlid-translation translation\" style=\"font-family: arial, helvetica, sans-serif;\">Pantelis Manolis <span class=\"tlid-translation translation\"><span class=\"\" title=\"\">pr\u00e9sident du conseil d&#8217;administration<\/span><\/span><br \/>\n<\/span><\/div>\n<\/div>\n<div class=\"tlid-result-transliteration-container result-transliteration-container transliteration-container\">\n<div class=\"tlid-transliteration-content transliteration-content full\">\u00a0<\/div>\n<\/div>\n","protected":false},"excerpt":{"rendered":"<p>L&#8217;Association grecque d&#8217;alpinisme de Karditsa (EOSK) est une association de personnes qui aiment la nature et dont l&#8217;action est inspir\u00e9e par la protection de l&#8217;environnement, la diffusion du d\u00e9veloppement durable et la protection de notre patrimoine culturel. Activit\u00e9s de montagne comme la randonn\u00e9e, l&#8217;alpinisme, l&#8217;escalade, le canyoning, la randonn\u00e9e en rivi\u00e8re, le rafting, mais aussi [&hellip;]<\/p>\n","protected":false},"author":1,"featured_media":0,"parent":0,"menu_order":0,"comment_status":"closed","ping_status":"closed","template":"","meta":{"footnotes":""},"class_list":["post-6922","page","type-page","status-publish","czr-hentry"],"yoast_head":"<!-- This site is optimized with the Yoast SEO plugin v27.4 - https:\/\/yoast.com\/product\/yoast-seo-wordpress\/ -->\n<title>D\u00e9claration - \u0395\u039f\u03a3 \u039a\u03b1\u03c1\u03b4\u03af\u03c4\u03c3\u03b1\u03c2<\/title>\n<meta name=\"robots\" content=\"index, follow, max-snippet:-1, max-image-preview:large, max-video-preview:-1\" \/>\n<link rel=\"canonical\" href=\"https:\/\/eoskarditsas.gr\/?page_id=6922&lang=fr\" \/>\n<meta property=\"og:locale\" content=\"el_GR\" \/>\n<meta property=\"og:type\" content=\"article\" \/>\n<meta property=\"og:title\" content=\"D\u00e9claration - \u0395\u039f\u03a3 \u039a\u03b1\u03c1\u03b4\u03af\u03c4\u03c3\u03b1\u03c2\" \/>\n<meta property=\"og:description\" content=\"L&#8217;Association grecque d&#8217;alpinisme de Karditsa (EOSK) est une association de personnes qui aiment la nature et dont l&#8217;action est inspir\u00e9e par la protection de l&#8217;environnement, la diffusion du d\u00e9veloppement durable et la protection de notre patrimoine culturel. Activit\u00e9s de montagne comme la randonn\u00e9e, l&#8217;alpinisme, l&#8217;escalade, le canyoning, la randonn\u00e9e en rivi\u00e8re, le rafting, mais aussi [&hellip;]\" \/>\n<meta property=\"og:url\" content=\"https:\/\/eoskarditsas.gr\/?page_id=6922&amp;lang=fr\" \/>\n<meta property=\"og:site_name\" content=\"\u0395\u039f\u03a3 \u039a\u03b1\u03c1\u03b4\u03af\u03c4\u03c3\u03b1\u03c2\" \/>\n<meta property=\"article:publisher\" content=\"https:\/\/www.facebook.com\/eoskarditsas\" \/>\n<meta property=\"article:modified_time\" content=\"2019-03-12T16:23:59+00:00\" \/>\n<meta name=\"twitter:card\" content=\"summary_large_image\" \/>\n<meta name=\"twitter:label1\" content=\"\u0395\u03ba\u03c4\u03b9\u03bc\u03ce\u03bc\u03b5\u03bd\u03bf\u03c2 \u03c7\u03c1\u03cc\u03bd\u03bf\u03c2 \u03b1\u03bd\u03ac\u03b3\u03bd\u03c9\u03c3\u03b7\u03c2\" \/>\n\t<meta name=\"twitter:data1\" content=\"2 \u03bb\u03b5\u03c0\u03c4\u03ac\" \/>\n<script type=\"application\/ld+json\" class=\"yoast-schema-graph\">{\"@context\":\"https:\\\/\\\/schema.org\",\"@graph\":[{\"@type\":\"WebPage\",\"@id\":\"https:\\\/\\\/eoskarditsas.gr\\\/?page_id=6922&lang=fr\",\"url\":\"https:\\\/\\\/eoskarditsas.gr\\\/?page_id=6922&lang=fr\",\"name\":\"D\u00e9claration - \u0395\u039f\u03a3 \u039a\u03b1\u03c1\u03b4\u03af\u03c4\u03c3\u03b1\u03c2\",\"isPartOf\":{\"@id\":\"https:\\\/\\\/eoskarditsas.gr\\\/#website\"},\"datePublished\":\"2018-06-13T06:42:09+00:00\",\"dateModified\":\"2019-03-12T16:23:59+00:00\",\"breadcrumb\":{\"@id\":\"https:\\\/\\\/eoskarditsas.gr\\\/?page_id=6922&lang=fr#breadcrumb\"},\"inLanguage\":\"el\",\"potentialAction\":[{\"@type\":\"ReadAction\",\"target\":[\"https:\\\/\\\/eoskarditsas.gr\\\/?page_id=6922&lang=fr\"]}]},{\"@type\":\"BreadcrumbList\",\"@id\":\"https:\\\/\\\/eoskarditsas.gr\\\/?page_id=6922&lang=fr#breadcrumb\",\"itemListElement\":[{\"@type\":\"ListItem\",\"position\":1,\"name\":\"\u0391\u03c1\u03c7\u03b9\u03ba\u03ae\",\"item\":\"https:\\\/\\\/eoskarditsas.gr\\\/\"},{\"@type\":\"ListItem\",\"position\":2,\"name\":\"D\u00e9claration\"}]},{\"@type\":\"WebSite\",\"@id\":\"https:\\\/\\\/eoskarditsas.gr\\\/#website\",\"url\":\"https:\\\/\\\/eoskarditsas.gr\\\/\",\"name\":\"\u0395\u039f\u03a3 \u039a\u03b1\u03c1\u03b4\u03af\u03c4\u03c3\u03b1\u03c2\",\"description\":\"\u0395\u03bb\u03bb\u03b7\u03bd\u03b9\u03ba\u03cc\u03c2 \u039f\u03c1\u03b5\u03b9\u03b2\u03b1\u03c4\u03b9\u03ba\u03cc\u03c2 \u03a3\u03cd\u03bb\u03bb\u03bf\u03b3\u03bf\u03c2 \u039a\u03b1\u03c1\u03b4\u03af\u03c4\u03c3\u03b1\u03c2\",\"publisher\":{\"@id\":\"https:\\\/\\\/eoskarditsas.gr\\\/#organization\"},\"potentialAction\":[{\"@type\":\"SearchAction\",\"target\":{\"@type\":\"EntryPoint\",\"urlTemplate\":\"https:\\\/\\\/eoskarditsas.gr\\\/?s={search_term_string}\"},\"query-input\":{\"@type\":\"PropertyValueSpecification\",\"valueRequired\":true,\"valueName\":\"search_term_string\"}}],\"inLanguage\":\"el\"},{\"@type\":\"Organization\",\"@id\":\"https:\\\/\\\/eoskarditsas.gr\\\/#organization\",\"name\":\"Mountaineering Club\",\"url\":\"https:\\\/\\\/eoskarditsas.gr\\\/\",\"logo\":{\"@type\":\"ImageObject\",\"inLanguage\":\"el\",\"@id\":\"https:\\\/\\\/eoskarditsas.gr\\\/#\\\/schema\\\/logo\\\/image\\\/\",\"url\":\"\",\"contentUrl\":\"\",\"caption\":\"Mountaineering Club\"},\"image\":{\"@id\":\"https:\\\/\\\/eoskarditsas.gr\\\/#\\\/schema\\\/logo\\\/image\\\/\"},\"sameAs\":[\"https:\\\/\\\/www.facebook.com\\\/eoskarditsas\",\"https:\\\/\\\/www.youtube.com\\\/channel\\\/UCBNHw1tq8n6cphXqIFxEWzA\\\/featured\"]}]}<\/script>\n<!-- \/ Yoast SEO plugin. -->","yoast_head_json":{"title":"D\u00e9claration - \u0395\u039f\u03a3 \u039a\u03b1\u03c1\u03b4\u03af\u03c4\u03c3\u03b1\u03c2","robots":{"index":"index","follow":"follow","max-snippet":"max-snippet:-1","max-image-preview":"max-image-preview:large","max-video-preview":"max-video-preview:-1"},"canonical":"https:\/\/eoskarditsas.gr\/?page_id=6922&lang=fr","og_locale":"el_GR","og_type":"article","og_title":"D\u00e9claration - \u0395\u039f\u03a3 \u039a\u03b1\u03c1\u03b4\u03af\u03c4\u03c3\u03b1\u03c2","og_description":"L&#8217;Association grecque d&#8217;alpinisme de Karditsa (EOSK) est une association de personnes qui aiment la nature et dont l&#8217;action est inspir\u00e9e par la protection de l&#8217;environnement, la diffusion du d\u00e9veloppement durable et la protection de notre patrimoine culturel. Activit\u00e9s de montagne comme la randonn\u00e9e, l&#8217;alpinisme, l&#8217;escalade, le canyoning, la randonn\u00e9e en rivi\u00e8re, le rafting, mais aussi [&hellip;]","og_url":"https:\/\/eoskarditsas.gr\/?page_id=6922&lang=fr","og_site_name":"\u0395\u039f\u03a3 \u039a\u03b1\u03c1\u03b4\u03af\u03c4\u03c3\u03b1\u03c2","article_publisher":"https:\/\/www.facebook.com\/eoskarditsas","article_modified_time":"2019-03-12T16:23:59+00:00","twitter_card":"summary_large_image","twitter_misc":{"\u0395\u03ba\u03c4\u03b9\u03bc\u03ce\u03bc\u03b5\u03bd\u03bf\u03c2 \u03c7\u03c1\u03cc\u03bd\u03bf\u03c2 \u03b1\u03bd\u03ac\u03b3\u03bd\u03c9\u03c3\u03b7\u03c2":"2 \u03bb\u03b5\u03c0\u03c4\u03ac"},"schema":{"@context":"https:\/\/schema.org","@graph":[{"@type":"WebPage","@id":"https:\/\/eoskarditsas.gr\/?page_id=6922&lang=fr","url":"https:\/\/eoskarditsas.gr\/?page_id=6922&lang=fr","name":"D\u00e9claration - \u0395\u039f\u03a3 \u039a\u03b1\u03c1\u03b4\u03af\u03c4\u03c3\u03b1\u03c2","isPartOf":{"@id":"https:\/\/eoskarditsas.gr\/#website"},"datePublished":"2018-06-13T06:42:09+00:00","dateModified":"2019-03-12T16:23:59+00:00","breadcrumb":{"@id":"https:\/\/eoskarditsas.gr\/?page_id=6922&lang=fr#breadcrumb"},"inLanguage":"el","potentialAction":[{"@type":"ReadAction","target":["https:\/\/eoskarditsas.gr\/?page_id=6922&lang=fr"]}]},{"@type":"BreadcrumbList","@id":"https:\/\/eoskarditsas.gr\/?page_id=6922&lang=fr#breadcrumb","itemListElement":[{"@type":"ListItem","position":1,"name":"\u0391\u03c1\u03c7\u03b9\u03ba\u03ae","item":"https:\/\/eoskarditsas.gr\/"},{"@type":"ListItem","position":2,"name":"D\u00e9claration"}]},{"@type":"WebSite","@id":"https:\/\/eoskarditsas.gr\/#website","url":"https:\/\/eoskarditsas.gr\/","name":"\u0395\u039f\u03a3 \u039a\u03b1\u03c1\u03b4\u03af\u03c4\u03c3\u03b1\u03c2","description":"\u0395\u03bb\u03bb\u03b7\u03bd\u03b9\u03ba\u03cc\u03c2 \u039f\u03c1\u03b5\u03b9\u03b2\u03b1\u03c4\u03b9\u03ba\u03cc\u03c2 \u03a3\u03cd\u03bb\u03bb\u03bf\u03b3\u03bf\u03c2 \u039a\u03b1\u03c1\u03b4\u03af\u03c4\u03c3\u03b1\u03c2","publisher":{"@id":"https:\/\/eoskarditsas.gr\/#organization"},"potentialAction":[{"@type":"SearchAction","target":{"@type":"EntryPoint","urlTemplate":"https:\/\/eoskarditsas.gr\/?s={search_term_string}"},"query-input":{"@type":"PropertyValueSpecification","valueRequired":true,"valueName":"search_term_string"}}],"inLanguage":"el"},{"@type":"Organization","@id":"https:\/\/eoskarditsas.gr\/#organization","name":"Mountaineering Club","url":"https:\/\/eoskarditsas.gr\/","logo":{"@type":"ImageObject","inLanguage":"el","@id":"https:\/\/eoskarditsas.gr\/#\/schema\/logo\/image\/","url":"","contentUrl":"","caption":"Mountaineering Club"},"image":{"@id":"https:\/\/eoskarditsas.gr\/#\/schema\/logo\/image\/"},"sameAs":["https:\/\/www.facebook.com\/eoskarditsas","https:\/\/www.youtube.com\/channel\/UCBNHw1tq8n6cphXqIFxEWzA\/featured"]}]}},"_links":{"self":[{"href":"https:\/\/eoskarditsas.gr\/index.php?rest_route=\/wp\/v2\/pages\/6922","targetHints":{"allow":["GET"]}}],"collection":[{"href":"https:\/\/eoskarditsas.gr\/index.php?rest_route=\/wp\/v2\/pages"}],"about":[{"href":"https:\/\/eoskarditsas.gr\/index.php?rest_route=\/wp\/v2\/types\/page"}],"author":[{"embeddable":true,"href":"https:\/\/eoskarditsas.gr\/index.php?rest_route=\/wp\/v2\/users\/1"}],"replies":[{"embeddable":true,"href":"https:\/\/eoskarditsas.gr\/index.php?rest_route=%2Fwp%2Fv2%2Fcomments&post=6922"}],"version-history":[{"count":5,"href":"https:\/\/eoskarditsas.gr\/index.php?rest_route=\/wp\/v2\/pages\/6922\/revisions"}],"predecessor-version":[{"id":6931,"href":"https:\/\/eoskarditsas.gr\/index.php?rest_route=\/wp\/v2\/pages\/6922\/revisions\/6931"}],"wp:attachment":[{"href":"https:\/\/eoskarditsas.gr\/index.php?rest_route=%2Fwp%2Fv2%2Fmedia&parent=6922"}],"curies":[{"name":"wp","href":"https:\/\/api.w.org\/{rel}","templated":true}]}}